{"id":10179,"date":"2024-07-19T09:22:28","date_gmt":"2024-07-19T09:22:28","guid":{"rendered":"https:\/\/tourismebenin.com\/?page_id=10179"},"modified":"2024-09-24T16:48:39","modified_gmt":"2024-09-24T16:48:39","slug":"a-propos","status":"publish","type":"page","link":"https:\/\/tourismebenin.com\/en\/a-propos\/","title":{"rendered":"About us"},"content":{"rendered":"<div data-elementor-type=\"wp-page\" data-elementor-id=\"10179\" class=\"elementor elementor-10179\" data-elementor-post-type=\"page\">\n\t\t\t\t\t\t<section class=\"elementor-section elementor-top-section elementor-element elementor-element-a024fbe elementor-section-full_width elementor-section-height-min-height elementor-section-height-default elementor-section-items-middle\" data-id=\"a024fbe\" data-element_type=\"section\" data-settings=\"{&quot;background_background&quot;:&quot;classic&quot;}\">\n\t\t\t\t\t\t\t<div class=\"elementor-background-overlay\"><\/div>\n\t\t\t\t\t\t\t<div class=\"elementor-container elementor-column-gap-default\">\n\t\t\t\t\t<div class=\"elementor-column elementor-col-100 elementor-top-column elementor-element elementor-element-510b44f\" data-id=\"510b44f\" data-element_type=\"column\">\n\t\t\t<div class=\"elementor-widget-wrap elementor-element-populated\">\n\t\t\t\t\t\t<div class=\"elementor-element elementor-element-7889d31 elementor-widget elementor-widget-heading\" data-id=\"7889d31\" data-element_type=\"widget\" data-widget_type=\"heading.default\">\n\t\t\t\t<div class=\"elementor-widget-container\">\n\t\t\t<h2 class=\"elementor-heading-title elementor-size-default\">About us<\/h2>\t\t<\/div>\n\t\t\t\t<\/div>\n\t\t\t\t\t<\/div>\n\t\t<\/div>\n\t\t\t\t\t<\/div>\n\t\t<\/section>\n\t\t\t\t<section class=\"elementor-section elementor-top-section elementor-element elementor-element-b5c0f71 elementor-section-full_width elementor-section-height-default elementor-section-height-default\" data-id=\"b5c0f71\" data-element_type=\"section\" data-settings=\"{&quot;background_background&quot;:&quot;classic&quot;}\">\n\t\t\t\t\t\t<div class=\"elementor-container elementor-column-gap-default\">\n\t\t\t\t\t<div class=\"elementor-column elementor-col-100 elementor-top-column elementor-element elementor-element-7758335\" data-id=\"7758335\" data-element_type=\"column\">\n\t\t\t<div class=\"elementor-widget-wrap elementor-element-populated\">\n\t\t\t\t\t\t<section class=\"elementor-section elementor-inner-section elementor-element elementor-element-98b534b elementor-section-content-middle elementor-section-full_width elementor-section-height-default elementor-section-height-default\" data-id=\"98b534b\" data-element_type=\"section\">\n\t\t\t\t\t\t<div class=\"elementor-container elementor-column-gap-default\">\n\t\t\t\t\t<div class=\"elementor-column elementor-col-50 elementor-inner-column elementor-element elementor-element-e2c6b61 elementor-invisible\" data-id=\"e2c6b61\" data-element_type=\"column\" data-settings=\"{&quot;animation&quot;:&quot;fadeInLeft&quot;}\">\n\t\t\t<div class=\"elementor-widget-wrap elementor-element-populated\">\n\t\t\t\t\t\t<div class=\"elementor-element elementor-element-e40e153 elementor-widget elementor-widget-image\" data-id=\"e40e153\" data-element_type=\"widget\" data-widget_type=\"image.default\">\n\t\t\t\t<div class=\"elementor-widget-container\">\n\t\t\t\t\t\t\t\t\t\t\t\t\t<img fetchpriority=\"high\" decoding=\"async\" width=\"500\" height=\"1024\" src=\"https:\/\/tourismebenin.com\/wp-content\/uploads\/2024\/07\/front.png\" class=\"attachment-full size-full wp-image-10761\" alt=\"B\u00e9nin Tourisme\" srcset=\"https:\/\/tourismebenin.com\/wp-content\/uploads\/2024\/07\/front.png 500w, https:\/\/tourismebenin.com\/wp-content\/uploads\/2024\/07\/front-146x300.png 146w\" sizes=\"(max-width: 500px) 100vw, 500px\" \/>\t\t\t\t\t\t\t\t\t\t\t\t\t<\/div>\n\t\t\t\t<\/div>\n\t\t\t\t\t<\/div>\n\t\t<\/div>\n\t\t\t\t<div class=\"elementor-column elementor-col-50 elementor-inner-column elementor-element elementor-element-4ca4509\" data-id=\"4ca4509\" data-element_type=\"column\">\n\t\t\t<div class=\"elementor-widget-wrap elementor-element-populated\">\n\t\t\t\t\t\t<div class=\"elementor-element elementor-element-a8d37a0 elementor-widget elementor-widget-heading\" data-id=\"a8d37a0\" data-element_type=\"widget\" data-widget_type=\"heading.default\">\n\t\t\t\t<div class=\"elementor-widget-container\">\n\t\t\t<h2 class=\"elementor-heading-title elementor-size-default\">Tourism Benin App<\/h2>\t\t<\/div>\n\t\t\t\t<\/div>\n\t\t\t\t<div class=\"elementor-element elementor-element-303f4da elementor-widget elementor-widget-text-editor\" data-id=\"303f4da\" data-element_type=\"widget\" data-widget_type=\"text-editor.default\">\n\t\t\t\t<div class=\"elementor-widget-container\">\n\t\t\t\t\t\t\t<p data-sourcepos=\"23:1-23:301\"><strong>Tourism Benin App<\/strong> vous accompagne dans la planification de votre voyage de r\u00eave. Notre site web vous fournit toutes les informations n\u00e9cessaires, des conseils pratiques aux r\u00e9servations d&#8217;h\u00e9bergement. T\u00e9l\u00e9chargez notre application mobile pour une exp\u00e9rience encore plus personnalis\u00e9e et profitez de :<\/p><ul data-sourcepos=\"25:1-30:0\"><li data-sourcepos=\"25:1-25:99\"><strong>Organizing your trip<\/strong>Book your flights, accommodation and activities in just a few clicks.<\/li><li data-sourcepos=\"26:1-26:89\"><strong>24-hour assistance<\/strong>: Obtenez des conseils et de l&#8217;aide \u00e0 tout moment de votre voyage.<\/li><li data-sourcepos=\"27:1-27:110\"><strong>Cr\u00e9ation d&#8217;un itin\u00e9raire personnalis\u00e9<\/strong>: Design a visit plan tailored to your desires and your budget.<\/li><li data-sourcepos=\"28:1-28:106\"><strong>News &amp; Events<\/strong>Keep up to date with the latest news and events in Benin.<\/li><li data-sourcepos=\"29:1-30:0\"><strong>Traveler reviews<\/strong>: Partagez vos exp\u00e9riences et lisez les commentaires d&#8217;autres touristes.<\/li><\/ul>\t\t\t\t\t\t<\/div>\n\t\t\t\t<\/div>\n\t\t\t\t<div class=\"elementor-element elementor-element-80bcd83 elementor-widget elementor-widget-text-editor\" data-id=\"80bcd83\" data-element_type=\"widget\" data-widget_type=\"text-editor.default\">\n\t\t\t\t<div class=\"elementor-widget-container\">\n\t\t\t\t\t\t\t<p>Voyagez avec confiance et d\u00e9couvrez la splendeur du B\u00e9nin gr\u00e2ce \u00e0 l&#8217;application &#8220;<strong>Tourism Benin App<\/strong>.&#8221; Que vous soyez un voyageur solo, un couple en qu\u00eate d&#8217;aventure ou une famille d\u00e9sireuse d&#8217;explorer, notre application vous offre une mine d&#8217;informations pour tirer le meilleur parti de votre s\u00e9jour.<\/p>\t\t\t\t\t\t<\/div>\n\t\t\t\t<\/div>\n\t\t\t\t\t<\/div>\n\t\t<\/div>\n\t\t\t\t\t<\/div>\n\t\t<\/section>\n\t\t\t\t\t<\/div>\n\t\t<\/div>\n\t\t\t\t\t<\/div>\n\t\t<\/section>\n\t\t\t\t<section class=\"elementor-section elementor-top-section elementor-element elementor-element-b7caa98 elementor-section-full_width elementor-reverse-mobile elementor-section-height-default elementor-section-height-default\" data-id=\"b7caa98\" data-element_type=\"section\" data-settings=\"{&quot;background_background&quot;:&quot;classic&quot;}\">\n\t\t\t\t\t\t<div class=\"elementor-container elementor-column-gap-default\">\n\t\t\t\t\t<div class=\"elementor-column elementor-col-50 elementor-top-column elementor-element elementor-element-5dfca38\" data-id=\"5dfca38\" data-element_type=\"column\">\n\t\t\t<div class=\"elementor-widget-wrap elementor-element-populated\">\n\t\t\t\t\t\t<div class=\"elementor-element elementor-element-0e791fc elementor-widget elementor-widget-heading\" data-id=\"0e791fc\" data-element_type=\"widget\" data-widget_type=\"heading.default\">\n\t\t\t\t<div class=\"elementor-widget-container\">\n\t\t\t<h2 class=\"elementor-heading-title elementor-size-default\">Welcome to Tourisme B\u00e9nin App , your official guide to exploring the hidden treasures of West Africa!<\/h2>\t\t<\/div>\n\t\t\t\t<\/div>\n\t\t\t\t<div class=\"elementor-element elementor-element-cf1d413 elementor-widget elementor-widget-text-editor\" data-id=\"cf1d413\" data-element_type=\"widget\" data-widget_type=\"text-editor.default\">\n\t\t\t\t<div class=\"elementor-widget-container\">\n\t\t\t\t\t\t\t<h3 class=\"\" data-sourcepos=\"9:1-9:42\">Explore unique cultural treasures<\/h3><p data-sourcepos=\"11:1-11:301\">Plongez dans l&#8217;\u00e2me du B\u00e9nin en d\u00e9couvrant ses sites culturels class\u00e9s au patrimoine mondial de l&#8217;UNESCO, tels que les palais royaux d&#8217;Abomey et la ville d&#8217;adobe de Porto-Novo. Laissez-vous transporter par les rythmes endiabl\u00e9s des percussions et admirez l&#8217;artisanat exquis des villages traditionnels.<\/p><h3 class=\"\" data-sourcepos=\"13:1-13:44\">Admire breathtaking landscapes<\/h3><p data-sourcepos=\"15:1-15:336\">Des plages de sable fin bordant l&#8217;oc\u00e9an Atlantique aux savanes verdoyantes et aux parcs nationaux abritant une faune riche, le B\u00e9nin offre des panoramas d&#8217;une beaut\u00e9 saisissante. Partez en safari pour observer des \u00e9l\u00e9phants, des lions et des girafes dans leur habitat naturel, ou profitez d&#8217;une randonn\u00e9e dans les collines pittoresques.<\/p><h3 class=\"\" data-sourcepos=\"17:1-17:38\">Authentic experiences<\/h3><p data-sourcepos=\"19:1-19:213\">Rencontrez les chaleureux habitants du B\u00e9nin et partagez leurs traditions uniques. Assistez \u00e0 des festivals vibrants, d\u00e9gustez des sp\u00e9cialit\u00e9s culinaires savoureuses et d\u00e9couvrez l&#8217;hospitalit\u00e9 l\u00e9gendaire du pays.<\/p>\t\t\t\t\t\t<\/div>\n\t\t\t\t<\/div>\n\t\t\t\t<section class=\"elementor-section elementor-inner-section elementor-element elementor-element-72cb29a elementor-section-boxed elementor-section-height-default elementor-section-height-default\" data-id=\"72cb29a\" data-element_type=\"section\">\n\t\t\t\t\t\t<div class=\"elementor-container elementor-column-gap-no\">\n\t\t\t\t\t<div class=\"elementor-column elementor-col-100 elementor-inner-column elementor-element elementor-element-273c2c2\" data-id=\"273c2c2\" data-element_type=\"column\">\n\t\t\t<div class=\"elementor-widget-wrap elementor-element-populated\">\n\t\t\t\t\t\t<div class=\"elementor-element elementor-element-823071a elementor-widget__width-auto elementor-widget-mobile__width-inherit elementor-widget elementor-widget-image\" data-id=\"823071a\" data-element_type=\"widget\" data-widget_type=\"image.default\">\n\t\t\t\t<div class=\"elementor-widget-container\">\n\t\t\t\t\t\t\t\t\t\t\t\t\t\t<a href=\"https:\/\/apps.apple.com\/gr\/app\/b%C3%A9nin-tourisme\/id6474447591\" target=\"_blank\" rel=\"nofollow noopener\">\n\t\t\t\t\t\t\t<img decoding=\"async\" src=\"https:\/\/wpkiddie.com\/demos\/wp\/xmoze\/wp-content\/uploads\/2022\/01\/App-Store.png\" title=\"\" alt=\"\" loading=\"lazy\">\t\t\t\t\t\t\t\t<\/a>\n\t\t\t\t\t\t\t\t\t\t\t\t\t<\/div>\n\t\t\t\t<\/div>\n\t\t\t\t<div class=\"elementor-element elementor-element-d2c9bf8 elementor-widget__width-auto elementor-widget-mobile__width-inherit elementor-widget elementor-widget-image\" data-id=\"d2c9bf8\" data-element_type=\"widget\" data-widget_type=\"image.default\">\n\t\t\t\t<div class=\"elementor-widget-container\">\n\t\t\t\t\t\t\t\t\t\t\t\t\t\t<a href=\"https:\/\/play.google.com\/store\/apps\/details?id=ky.solutions.benintourisme&#038;hl=fr&#038;pli=1\" target=\"_blank\" rel=\"nofollow noopener\">\n\t\t\t\t\t\t\t<img decoding=\"async\" src=\"https:\/\/wpkiddie.com\/demos\/wp\/xmoze\/wp-content\/uploads\/2022\/01\/Play-Store.png\" title=\"\" alt=\"\" loading=\"lazy\">\t\t\t\t\t\t\t\t<\/a>\n\t\t\t\t\t\t\t\t\t\t\t\t\t<\/div>\n\t\t\t\t<\/div>\n\t\t\t\t\t<\/div>\n\t\t<\/div>\n\t\t\t\t\t<\/div>\n\t\t<\/section>\n\t\t\t\t\t<\/div>\n\t\t<\/div>\n\t\t\t\t<div class=\"elementor-column elementor-col-50 elementor-top-column elementor-element elementor-element-766d42e\" data-id=\"766d42e\" data-element_type=\"column\">\n\t\t\t<div class=\"elementor-widget-wrap elementor-element-populated\">\n\t\t\t\t\t\t<div class=\"elementor-element elementor-element-fd8718a elementor-widget elementor-widget-image\" data-id=\"fd8718a\" data-element_type=\"widget\" data-widget_type=\"image.default\">\n\t\t\t\t<div class=\"elementor-widget-container\">\n\t\t\t\t\t\t\t\t\t\t\t\t\t<img decoding=\"async\" width=\"500\" height=\"1024\" src=\"https:\/\/tourismebenin.com\/wp-content\/uploads\/2024\/07\/front-mock.png\" class=\"attachment-full size-full wp-image-10762\" alt=\"B\u00e9nin Tourisme-front-mock\" srcset=\"https:\/\/tourismebenin.com\/wp-content\/uploads\/2024\/07\/front-mock.png 500w, https:\/\/tourismebenin.com\/wp-content\/uploads\/2024\/07\/front-mock-146x300.png 146w\" sizes=\"(max-width: 500px) 100vw, 500px\" \/>\t\t\t\t\t\t\t\t\t\t\t\t\t<\/div>\n\t\t\t\t<\/div>\n\t\t\t\t\t<\/div>\n\t\t<\/div>\n\t\t\t\t\t<\/div>\n\t\t<\/section>\n\t\t\t\t<section class=\"elementor-section elementor-top-section elementor-element elementor-element-19ca7aa elementor-section-boxed elementor-section-height-default elementor-section-height-default\" data-id=\"19ca7aa\" data-element_type=\"section\" data-settings=\"{&quot;background_background&quot;:&quot;classic&quot;}\">\n\t\t\t\t\t\t<div class=\"elementor-container elementor-column-gap-default\">\n\t\t\t\t\t<div class=\"elementor-column elementor-col-100 elementor-top-column elementor-element elementor-element-3af8c4e\" data-id=\"3af8c4e\" data-element_type=\"column\" data-settings=\"{&quot;background_background&quot;:&quot;classic&quot;}\">\n\t\t\t<div class=\"elementor-widget-wrap elementor-element-populated\">\n\t\t\t\t\t\t<section class=\"elementor-section elementor-inner-section elementor-element elementor-element-c64741c elementor-section-boxed elementor-section-height-default elementor-section-height-default\" data-id=\"c64741c\" data-element_type=\"section\">\n\t\t\t\t\t\t<div class=\"elementor-container elementor-column-gap-default\">\n\t\t\t\t\t<div class=\"elementor-column elementor-col-100 elementor-inner-column elementor-element elementor-element-9e154cc\" data-id=\"9e154cc\" data-element_type=\"column\">\n\t\t\t<div class=\"elementor-widget-wrap elementor-element-populated\">\n\t\t\t\t\t\t<div class=\"elementor-element elementor-element-fb69914 elementor-widget elementor-widget-heading\" data-id=\"fb69914\" data-element_type=\"widget\" data-widget_type=\"heading.default\">\n\t\t\t\t<div class=\"elementor-widget-container\">\n\t\t\t<h2 class=\"elementor-heading-title elementor-size-default\">Benin is waiting for you!<\/h2>\t\t<\/div>\n\t\t\t\t<\/div>\n\t\t\t\t\t<\/div>\n\t\t<\/div>\n\t\t\t\t\t<\/div>\n\t\t<\/section>\n\t\t\t\t<section class=\"elementor-section elementor-inner-section elementor-element elementor-element-67e0da0 elementor-section-boxed elementor-section-height-default elementor-section-height-default\" data-id=\"67e0da0\" data-element_type=\"section\">\n\t\t\t\t\t\t<div class=\"elementor-container elementor-column-gap-default\">\n\t\t\t\t\t<div class=\"elementor-column elementor-col-100 elementor-inner-column elementor-element elementor-element-d583dc9\" data-id=\"d583dc9\" data-element_type=\"column\">\n\t\t\t<div class=\"elementor-widget-wrap elementor-element-populated\">\n\t\t\t\t\t\t<div class=\"elementor-element elementor-element-8ba46c7 elementor-widget elementor-widget-text-editor\" data-id=\"8ba46c7\" data-element_type=\"widget\" data-widget_type=\"text-editor.default\">\n\t\t\t\t<div class=\"elementor-widget-container\">\n\t\t\t\t\t\t\t<p>Whether you're a seasoned traveler or a first-time explorer, Benin promises an unforgettable experience. Let yourself be charmed by the country's natural beauty, vibrant culture and friendly people.<\/p><p><strong>Commencez \u00e0 planifier votre voyage d\u00e8s aujourd&#8217;hui avec Tourisme B\u00e9nin App !<\/strong><\/p>\t\t\t\t\t\t<\/div>\n\t\t\t\t<\/div>\n\t\t\t\t\t<\/div>\n\t\t<\/div>\n\t\t\t\t\t<\/div>\n\t\t<\/section>\n\t\t\t\t\t<\/div>\n\t\t<\/div>\n\t\t\t\t\t<\/div>\n\t\t<\/section>\n\t\t\t\t<\/div>","protected":false},"excerpt":{"rendered":"<p>\u00c0 propos Tourisme B\u00e9nin App Tourisme B\u00e9nin App vous accompagne dans la planification de votre voyage de r\u00eave. Notre site web vous fournit toutes les informations n\u00e9cessaires, des conseils pratiques aux r\u00e9servations d&#8217;h\u00e9bergement. T\u00e9l\u00e9chargez notre application mobile pour une exp\u00e9rience encore plus personnalis\u00e9e et profitez de : Organisation de votre voyage: R\u00e9servez vos vols, h\u00e9bergements [&hellip;]<\/p>","protected":false},"author":1,"featured_media":0,"parent":0,"menu_order":0,"comment_status":"closed","ping_status":"closed","template":"elementor_header_footer","meta":{"rank_math_lock_modified_date":false,"footnotes":""},"class_list":["post-10179","page","type-page","status-publish","hentry"],"_links":{"self":[{"href":"https:\/\/tourismebenin.com\/en\/wp-json\/wp\/v2\/pages\/10179","targetHints":{"allow":["GET"]}}],"collection":[{"href":"https:\/\/tourismebenin.com\/en\/wp-json\/wp\/v2\/pages"}],"about":[{"href":"https:\/\/tourismebenin.com\/en\/wp-json\/wp\/v2\/types\/page"}],"author":[{"embeddable":true,"href":"https:\/\/tourismebenin.com\/en\/wp-json\/wp\/v2\/users\/1"}],"replies":[{"embeddable":true,"href":"https:\/\/tourismebenin.com\/en\/wp-json\/wp\/v2\/comments?post=10179"}],"version-history":[{"count":44,"href":"https:\/\/tourismebenin.com\/en\/wp-json\/wp\/v2\/pages\/10179\/revisions"}],"predecessor-version":[{"id":11250,"href":"https:\/\/tourismebenin.com\/en\/wp-json\/wp\/v2\/pages\/10179\/revisions\/11250"}],"wp:attachment":[{"href":"https:\/\/tourismebenin.com\/en\/wp-json\/wp\/v2\/media?parent=10179"}],"curies":[{"name":"wp","href":"https:\/\/api.w.org\/{rel}","templated":true}]}}