{"id":10183,"date":"2024-07-19T09:27:29","date_gmt":"2024-07-19T09:27:29","guid":{"rendered":"https:\/\/tourismebenin.com\/?page_id=10183"},"modified":"2024-08-19T15:29:58","modified_gmt":"2024-08-19T15:29:58","slug":"faq","status":"publish","type":"page","link":"https:\/\/tourismebenin.com\/en\/faq\/","title":{"rendered":"Faq"},"content":{"rendered":"<div data-elementor-type=\"wp-page\" data-elementor-id=\"10183\" class=\"elementor elementor-10183\" data-elementor-post-type=\"page\">\n\t\t\t\t\t\t<section class=\"elementor-section elementor-top-section elementor-element elementor-element-f5c0c37 elementor-section-full_width elementor-section-height-min-height elementor-section-height-default elementor-section-items-middle\" data-id=\"f5c0c37\" data-element_type=\"section\" data-settings=\"{&quot;background_background&quot;:&quot;classic&quot;}\">\n\t\t\t\t\t\t\t<div class=\"elementor-background-overlay\"><\/div>\n\t\t\t\t\t\t\t<div class=\"elementor-container elementor-column-gap-default\">\n\t\t\t\t\t<div class=\"elementor-column elementor-col-100 elementor-top-column elementor-element elementor-element-079958d\" data-id=\"079958d\" data-element_type=\"column\">\n\t\t\t<div class=\"elementor-widget-wrap elementor-element-populated\">\n\t\t\t\t\t\t<div class=\"elementor-element elementor-element-ab13acb elementor-widget elementor-widget-heading\" data-id=\"ab13acb\" data-element_type=\"widget\" data-widget_type=\"heading.default\">\n\t\t\t\t<div class=\"elementor-widget-container\">\n\t\t\t<h2 class=\"elementor-heading-title elementor-size-default\">Faq<\/h2>\t\t<\/div>\n\t\t\t\t<\/div>\n\t\t\t\t\t<\/div>\n\t\t<\/div>\n\t\t\t\t\t<\/div>\n\t\t<\/section>\n\t\t\t\t<section class=\"elementor-section elementor-top-section elementor-element elementor-element-82d53ee elementor-section-boxed elementor-section-height-default elementor-section-height-default\" data-id=\"82d53ee\" data-element_type=\"section\">\n\t\t\t\t\t\t<div class=\"elementor-container elementor-column-gap-default\">\n\t\t\t\t\t<div class=\"elementor-column elementor-col-100 elementor-top-column elementor-element elementor-element-5004aff\" data-id=\"5004aff\" data-element_type=\"column\">\n\t\t\t<div class=\"elementor-widget-wrap elementor-element-populated\">\n\t\t\t\t\t\t<div class=\"elementor-element elementor-element-0eae588 elementor-widget elementor-widget-heading\" data-id=\"0eae588\" data-element_type=\"widget\" data-widget_type=\"heading.default\">\n\t\t\t\t<div class=\"elementor-widget-container\">\n\t\t\t<h2 class=\"elementor-heading-title elementor-size-default\">Benin unveiled: Your questions, our answers<\/h2>\t\t<\/div>\n\t\t\t\t<\/div>\n\t\t\t\t<div class=\"elementor-element elementor-element-2f46c0c elementor-widget elementor-widget-elementskit-accordion\" data-id=\"2f46c0c\" data-element_type=\"widget\" data-widget_type=\"elementskit-accordion.default\">\n\t\t\t\t<div class=\"elementor-widget-container\">\n\t\t\t<div class=\"ekit-wid-con\" >\n        <div class=\"elementskit-accordion accoedion-primary\" id=\"accordion-69d1e06aee193\">\n\n            \n                <div class=\"elementskit-card active\">\n                    <div class=\"elementskit-card-header\" id=\"primaryHeading-0-2f46c0c\">\n                        <a href=\"#collapse-993e2bd69d1e06aee193\" class=\"ekit-accordion--toggler elementskit-btn-link collapsed\" data-ekit-toggle=\"collapse\" data-target=\"#Collapse-993e2bd69d1e06aee193\" aria-expanded=\"true\" aria-controls=\"Collapse-993e2bd69d1e06aee193\">\n                            \n                            <span class=\"ekit-accordion-title\">What are the main tourist attractions in Benin?<\/span>\n\n                            \n                                <div class=\"ekit_accordion_icon_group\">\n                                    <div class=\"ekit_accordion_normal_icon\">\n                                        <!-- Normal Icon -->\n                                        <i aria-hidden=\"true\" class=\"icon-open icon-right icon icon-down-arrow1\"><\/i>                                    <\/div>\n\n                                    <div class=\"ekit_accordion_active_icon\">\n                                        <!-- Active Icon -->\n                                        <i aria-hidden=\"true\" class=\"icon-closed icon-right icon icon-up-arrow\"><\/i>                                    <\/div>\n\n                                <\/div>\n\n                            \n                                                    <\/a>\n                    <\/div>\n\n                    <div id=\"Collapse-993e2bd69d1e06aee193\" class=\"show collapse\" aria-labelledby=\"primaryHeading-0-2f46c0c\" data-parent=\"#accordion-69d1e06aee193\">\n\n                        <div class=\"elementskit-card-body ekit-accordion--content\">\n                            <p>Benin is packed with tourist attractions, including the historic town of Abomey, Pendjari National Park, Lake Nokou\u00e9 and its lakeside villages, the Fishing Road, the Porto-Novo Ethnographic Museum and much more. Each region of Benin offers unique sites to discover.<\/p>                        <\/div>\n\n                    <\/div>\n\n                <\/div><!-- .elementskit-card END -->\n\n                \n                <div class=\"elementskit-card\">\n                    <div class=\"elementskit-card-header\" id=\"primaryHeading-1-2f46c0c\">\n                        <a href=\"#collapse-9c82b8569d1e06aee193\" class=\"ekit-accordion--toggler elementskit-btn-link collapsed\" data-ekit-toggle=\"collapse\" data-target=\"#Collapse-9c82b8569d1e06aee193\" aria-expanded=\"false\" aria-controls=\"Collapse-9c82b8569d1e06aee193\">\n                            \n                            <span class=\"ekit-accordion-title\">What are the formalities for entering Benin?<\/span>\n\n                            \n                                <div class=\"ekit_accordion_icon_group\">\n                                    <div class=\"ekit_accordion_normal_icon\">\n                                        <!-- Normal Icon -->\n                                        <i aria-hidden=\"true\" class=\"icon-open icon-right icon icon-down-arrow1\"><\/i>                                    <\/div>\n\n                                    <div class=\"ekit_accordion_active_icon\">\n                                        <!-- Active Icon -->\n                                        <i aria-hidden=\"true\" class=\"icon-closed icon-right icon icon-up-arrow\"><\/i>                                    <\/div>\n\n                                <\/div>\n\n                            \n                                                    <\/a>\n                    <\/div>\n\n                    <div id=\"Collapse-9c82b8569d1e06aee193\" class=\"collapse\" aria-labelledby=\"primaryHeading-1-2f46c0c\" data-parent=\"#accordion-69d1e06aee193\">\n\n                        <div class=\"elementskit-card-body ekit-accordion--content\">\n                            <p>To enter Benin, foreign nationals need a valid passport and a visa. Some countries waive visa requirements for short stays. We recommend that you contact the Beninese embassy or consulate in your home country to find out about specific formalities.<\/p>                        <\/div>\n\n                    <\/div>\n\n                <\/div><!-- .elementskit-card END -->\n\n                \n                <div class=\"elementskit-card\">\n                    <div class=\"elementskit-card-header\" id=\"primaryHeading-2-2f46c0c\">\n                        <a href=\"#collapse-7ec166f69d1e06aee193\" class=\"ekit-accordion--toggler elementskit-btn-link collapsed\" data-ekit-toggle=\"collapse\" data-target=\"#Collapse-7ec166f69d1e06aee193\" aria-expanded=\"false\" aria-controls=\"Collapse-7ec166f69d1e06aee193\">\n                            \n                            <span class=\"ekit-accordion-title\">When is the best time to visit Benin?<\/span>\n\n                            \n                                <div class=\"ekit_accordion_icon_group\">\n                                    <div class=\"ekit_accordion_normal_icon\">\n                                        <!-- Normal Icon -->\n                                        <i aria-hidden=\"true\" class=\"icon-open icon-right icon icon-down-arrow1\"><\/i>                                    <\/div>\n\n                                    <div class=\"ekit_accordion_active_icon\">\n                                        <!-- Active Icon -->\n                                        <i aria-hidden=\"true\" class=\"icon-closed icon-right icon icon-up-arrow\"><\/i>                                    <\/div>\n\n                                <\/div>\n\n                            \n                                                    <\/a>\n                    <\/div>\n\n                    <div id=\"Collapse-7ec166f69d1e06aee193\" class=\"collapse\" aria-labelledby=\"primaryHeading-2-2f46c0c\" data-parent=\"#accordion-69d1e06aee193\">\n\n                        <div class=\"elementskit-card-body ekit-accordion--content\">\n                            <p>Benin can be visited all year round, but the period from November to February is considered the best because of the cooler, drier climate. During this period, you can fully enjoy outdoor activities without being bothered by heat and rain.<\/p>                        <\/div>\n\n                    <\/div>\n\n                <\/div><!-- .elementskit-card END -->\n\n                \n                <div class=\"elementskit-card\">\n                    <div class=\"elementskit-card-header\" id=\"primaryHeading-3-2f46c0c\">\n                        <a href=\"#collapse-05961bc69d1e06aee193\" class=\"ekit-accordion--toggler elementskit-btn-link collapsed\" data-ekit-toggle=\"collapse\" data-target=\"#Collapse-05961bc69d1e06aee193\" aria-expanded=\"false\" aria-controls=\"Collapse-05961bc69d1e06aee193\">\n                            \n                            <span class=\"ekit-accordion-title\">What languages are spoken in Benin?<\/span>\n\n                            \n                                <div class=\"ekit_accordion_icon_group\">\n                                    <div class=\"ekit_accordion_normal_icon\">\n                                        <!-- Normal Icon -->\n                                        <i aria-hidden=\"true\" class=\"icon-open icon-right icon icon-down-arrow1\"><\/i>                                    <\/div>\n\n                                    <div class=\"ekit_accordion_active_icon\">\n                                        <!-- Active Icon -->\n                                        <i aria-hidden=\"true\" class=\"icon-closed icon-right icon icon-up-arrow\"><\/i>                                    <\/div>\n\n                                <\/div>\n\n                            \n                                                    <\/a>\n                    <\/div>\n\n                    <div id=\"Collapse-05961bc69d1e06aee193\" class=\"collapse\" aria-labelledby=\"primaryHeading-3-2f46c0c\" data-parent=\"#accordion-69d1e06aee193\">\n\n                        <div class=\"elementskit-card-body ekit-accordion--content\">\n                            <p>Benin is a multilingual country. The official languages are French and Fon. However, many other languages are also spoken, such as Yoruba, Mina, Bariba, Dendi and many others. Linguistic diversity is one of the country's cultural assets.<\/p>                        <\/div>\n\n                    <\/div>\n\n                <\/div><!-- .elementskit-card END -->\n\n                \n                <div class=\"elementskit-card\">\n                    <div class=\"elementskit-card-header\" id=\"primaryHeading-4-2f46c0c\">\n                        <a href=\"#collapse-15a8a4d69d1e06aee193\" class=\"ekit-accordion--toggler elementskit-btn-link collapsed\" data-ekit-toggle=\"collapse\" data-target=\"#Collapse-15a8a4d69d1e06aee193\" aria-expanded=\"false\" aria-controls=\"Collapse-15a8a4d69d1e06aee193\">\n                            \n                            <span class=\"ekit-accordion-title\">Getting around Benin<\/span>\n\n                            \n                                <div class=\"ekit_accordion_icon_group\">\n                                    <div class=\"ekit_accordion_normal_icon\">\n                                        <!-- Normal Icon -->\n                                        <i aria-hidden=\"true\" class=\"icon-open icon-right icon icon-down-arrow1\"><\/i>                                    <\/div>\n\n                                    <div class=\"ekit_accordion_active_icon\">\n                                        <!-- Active Icon -->\n                                        <i aria-hidden=\"true\" class=\"icon-closed icon-right icon icon-up-arrow\"><\/i>                                    <\/div>\n\n                                <\/div>\n\n                            \n                                                    <\/a>\n                    <\/div>\n\n                    <div id=\"Collapse-15a8a4d69d1e06aee193\" class=\"collapse\" aria-labelledby=\"primaryHeading-4-2f46c0c\" data-parent=\"#accordion-69d1e06aee193\">\n\n                        <div class=\"elementskit-card-body ekit-accordion--content\">\n                            <p>In Benin, there are several transport options available for getting around. You can opt for cabs, buses, mototaxis (z\u00e9midjans), or rent a car. It is advisable to take the necessary precautions and find out about fares before using these services.<\/p>                        <\/div>\n\n                    <\/div>\n\n                <\/div><!-- .elementskit-card END -->\n\n                                        <\/div>\n    <\/div>\t\t<\/div>\n\t\t\t\t<\/div>\n\t\t\t\t\t<\/div>\n\t\t<\/div>\n\t\t\t\t\t<\/div>\n\t\t<\/section>\n\t\t\t\t<\/div>","protected":false},"excerpt":{"rendered":"<p>Faq Le B\u00e9nin d\u00e9voil\u00e9 : Vos questions, nos r\u00e9ponses Quelles sont les principales attractions touristiques au B\u00e9nin ? Le B\u00e9nin regorge de nombreuses attractions touristiques telles que la ville historique d&#8217;Abomey, le parc national de la Pendjari, le lac Nokou\u00e9 et ses villages lacustres, la Route des P\u00eaches, le mus\u00e9e ethnographique de Porto-Novo, et bien [&hellip;]<\/p>","protected":false},"author":1,"featured_media":0,"parent":0,"menu_order":0,"comment_status":"closed","ping_status":"closed","template":"elementor_header_footer","meta":{"rank_math_lock_modified_date":false,"footnotes":""},"class_list":["post-10183","page","type-page","status-publish","hentry"],"_links":{"self":[{"href":"https:\/\/tourismebenin.com\/en\/wp-json\/wp\/v2\/pages\/10183","targetHints":{"allow":["GET"]}}],"collection":[{"href":"https:\/\/tourismebenin.com\/en\/wp-json\/wp\/v2\/pages"}],"about":[{"href":"https:\/\/tourismebenin.com\/en\/wp-json\/wp\/v2\/types\/page"}],"author":[{"embeddable":true,"href":"https:\/\/tourismebenin.com\/en\/wp-json\/wp\/v2\/users\/1"}],"replies":[{"embeddable":true,"href":"https:\/\/tourismebenin.com\/en\/wp-json\/wp\/v2\/comments?post=10183"}],"version-history":[{"count":13,"href":"https:\/\/tourismebenin.com\/en\/wp-json\/wp\/v2\/pages\/10183\/revisions"}],"predecessor-version":[{"id":11155,"href":"https:\/\/tourismebenin.com\/en\/wp-json\/wp\/v2\/pages\/10183\/revisions\/11155"}],"wp:attachment":[{"href":"https:\/\/tourismebenin.com\/en\/wp-json\/wp\/v2\/media?parent=10183"}],"curies":[{"name":"wp","href":"https:\/\/api.w.org\/{rel}","templated":true}]}}