{"id":10185,"date":"2024-07-19T09:30:56","date_gmt":"2024-07-19T09:30:56","guid":{"rendered":"https:\/\/tourismebenin.com\/?page_id=10185"},"modified":"2024-08-08T10:38:32","modified_gmt":"2024-08-08T10:38:32","slug":"blog","status":"publish","type":"page","link":"https:\/\/tourismebenin.com\/en\/blog\/","title":{"rendered":"Blog"},"content":{"rendered":"<div data-elementor-type=\"wp-page\" data-elementor-id=\"10185\" class=\"elementor elementor-10185\" data-elementor-post-type=\"page\">\n\t\t\t\t\t\t<section class=\"elementor-section elementor-top-section elementor-element elementor-element-27219d7 elementor-section-full_width elementor-section-height-min-height elementor-section-height-default elementor-section-items-middle\" data-id=\"27219d7\" data-element_type=\"section\" data-settings=\"{&quot;background_background&quot;:&quot;classic&quot;}\">\n\t\t\t\t\t\t\t<div class=\"elementor-background-overlay\"><\/div>\n\t\t\t\t\t\t\t<div class=\"elementor-container elementor-column-gap-default\">\n\t\t\t\t\t<div class=\"elementor-column elementor-col-100 elementor-top-column elementor-element elementor-element-f170e46\" data-id=\"f170e46\" data-element_type=\"column\">\n\t\t\t<div class=\"elementor-widget-wrap elementor-element-populated\">\n\t\t\t\t\t\t<div class=\"elementor-element elementor-element-8b8198b elementor-widget elementor-widget-heading\" data-id=\"8b8198b\" data-element_type=\"widget\" data-widget_type=\"heading.default\">\n\t\t\t\t<div class=\"elementor-widget-container\">\n\t\t\t<h2 class=\"elementor-heading-title elementor-size-default\">Blog<\/h2>\t\t<\/div>\n\t\t\t\t<\/div>\n\t\t\t\t\t<\/div>\n\t\t<\/div>\n\t\t\t\t\t<\/div>\n\t\t<\/section>\n\t\t\t\t<section class=\"elementor-section elementor-top-section elementor-element elementor-element-372c2aa2 elementor-section-full_width elementor-section-height-default elementor-section-height-default\" data-id=\"372c2aa2\" data-element_type=\"section\" data-settings=\"{&quot;background_background&quot;:&quot;classic&quot;}\">\n\t\t\t\t\t\t<div class=\"elementor-container elementor-column-gap-default\">\n\t\t\t\t\t<div class=\"elementor-column elementor-col-100 elementor-top-column elementor-element elementor-element-3fcc1efd elementor-invisible\" data-id=\"3fcc1efd\" data-element_type=\"column\" data-settings=\"{&quot;animation&quot;:&quot;fadeIn&quot;}\">\n\t\t\t<div class=\"elementor-widget-wrap elementor-element-populated\">\n\t\t\t\t\t\t<div class=\"elementor-element elementor-element-223227f elementor-widget elementor-widget-jkit_post_block\" data-id=\"223227f\" data-element_type=\"widget\" data-widget_type=\"jkit_post_block.default\">\n\t\t\t\t<div class=\"elementor-widget-container\">\n\t\t\t<div  class=\"jeg-elementor-kit jkit-postblock postblock-type-2 jkit-pagination-loadmore post-element jeg_module___69d31c30503a8\"  data-id=\"jeg_module___69d31c30503a8\" data-settings=\"{&quot;post_type&quot;:&quot;post&quot;,&quot;number_post&quot;:{&quot;unit&quot;:&quot;px&quot;,&quot;size&quot;:3,&quot;sizes&quot;:[]},&quot;post_offset&quot;:0,&quot;unique_content&quot;:&quot;disable&quot;,&quot;include_post&quot;:&quot;&quot;,&quot;exclude_post&quot;:&quot;&quot;,&quot;include_category&quot;:&quot;&quot;,&quot;exclude_category&quot;:&quot;&quot;,&quot;include_author&quot;:&quot;&quot;,&quot;include_tag&quot;:&quot;&quot;,&quot;exclude_tag&quot;:&quot;&quot;,&quot;portfolio-category&quot;:&quot;&quot;,&quot;sort_by&quot;:&quot;latest&quot;,&quot;pagination_mode&quot;:&quot;loadmore&quot;,&quot;pagination_loadmore_text&quot;:&quot;Load More&quot;,&quot;pagination_loading_text&quot;:&quot;Loading...&quot;,&quot;pagination_number_post&quot;:{&quot;unit&quot;:&quot;px&quot;,&quot;size&quot;:3,&quot;sizes&quot;:[]},&quot;pagination_scroll_limit&quot;:0,&quot;pagination_icon&quot;:{&quot;value&quot;:&quot;&quot;,&quot;library&quot;:&quot;&quot;},&quot;pagination_icon_position&quot;:&quot;before&quot;,&quot;st_category_position&quot;:&quot;center&quot;,&quot;sg_content_postblock_type&quot;:&quot;type-2&quot;,&quot;sg_content_element_order&quot;:&quot;title,meta,excerpt,read&quot;,&quot;sg_content_breakpoint&quot;:&quot;tablet&quot;,&quot;sg_content_title_html_tag&quot;:&quot;h3&quot;,&quot;sg_content_category_enable&quot;:&quot;yes&quot;,&quot;sg_content_excerpt_enable&quot;:&quot;yes&quot;,&quot;sg_content_excerpt_length&quot;:{&quot;unit&quot;:&quot;px&quot;,&quot;size&quot;:&quot;25&quot;,&quot;sizes&quot;:[]},&quot;sg_content_excerpt_more&quot;:&quot;...&quot;,&quot;sg_content_readmore_enable&quot;:&quot;yes&quot;,&quot;sg_content_readmore_icon&quot;:{&quot;value&quot;:&quot;&quot;,&quot;library&quot;:&quot;&quot;},&quot;sg_content_readmore_icon_position&quot;:&quot;after&quot;,&quot;sg_content_readmore_text&quot;:&quot;Lire plus&quot;,&quot;sg_content_comment_enable&quot;:&quot;&quot;,&quot;sg_content_comment_icon&quot;:{&quot;value&quot;:&quot;fas fa-comment&quot;,&quot;library&quot;:&quot;fa-solid&quot;},&quot;sg_content_comment_icon_position&quot;:&quot;before&quot;,&quot;sg_content_meta_enable&quot;:&quot;yes&quot;,&quot;sg_content_meta_author_enable&quot;:&quot;&quot;,&quot;sg_content_meta_author_by_text&quot;:&quot;by &quot;,&quot;sg_content_meta_author_icon&quot;:{&quot;value&quot;:&quot;fas fa-user&quot;,&quot;library&quot;:&quot;fa-solid&quot;},&quot;sg_content_meta_author_icon_position&quot;:&quot;before&quot;,&quot;sg_content_meta_date_enable&quot;:&quot;yes&quot;,&quot;sg_content_meta_date_type&quot;:&quot;published&quot;,&quot;sg_content_meta_date_format&quot;:&quot;default&quot;,&quot;sg_content_meta_date_format_custom&quot;:&quot;F j, Y&quot;,&quot;sg_content_meta_date_icon&quot;:{&quot;value&quot;:&quot;fas fa-clock&quot;,&quot;library&quot;:&quot;fa-solid&quot;},&quot;sg_content_meta_date_icon_position&quot;:&quot;before&quot;,&quot;sg_content_image_size_imagesize_size&quot;:&quot;full&quot;,&quot;paged&quot;:1,&quot;class&quot;:&quot;jkit_post_block&quot;}\"><div class=\"jkit-block-container\"><div class=\"jkit-posts jkit-ajax-flag\">\n            <article class=\"jkit-post post-10771 post type-post status-publish format-standard has-post-thumbnail hentry category-tourisme-benin-app\">\n                    <div class=\"jkit-thumb\"><a aria-label=\"Shark-man statue of King Behanzin\" href=\"https:\/\/tourismebenin.com\/en\/statue-homme-requin-du-roi-behanzin\/\"><div class=\"thumbnail-container\">\n            <img loading=\"lazy\" decoding=\"async\" width=\"1920\" height=\"700\" src=\"https:\/\/tourismebenin.com\/wp-content\/uploads\/2024\/07\/Statue-homme-requin-du-roi-Behanzin.jpg\" class=\"attachment-full size-full wp-post-image\" alt=\"\" srcset=\"https:\/\/tourismebenin.com\/wp-content\/uploads\/2024\/07\/Statue-homme-requin-du-roi-Behanzin.jpg 1920w, https:\/\/tourismebenin.com\/wp-content\/uploads\/2024\/07\/Statue-homme-requin-du-roi-Behanzin-300x109.jpg 300w, https:\/\/tourismebenin.com\/wp-content\/uploads\/2024\/07\/Statue-homme-requin-du-roi-Behanzin-1024x373.jpg 1024w, https:\/\/tourismebenin.com\/wp-content\/uploads\/2024\/07\/Statue-homme-requin-du-roi-Behanzin-768x280.jpg 768w, https:\/\/tourismebenin.com\/wp-content\/uploads\/2024\/07\/Statue-homme-requin-du-roi-Behanzin-350x128.jpg 350w, https:\/\/tourismebenin.com\/wp-content\/uploads\/2024\/07\/Statue-homme-requin-du-roi-Behanzin-370x135.jpg 370w, https:\/\/tourismebenin.com\/wp-content\/uploads\/2024\/07\/Statue-homme-requin-du-roi-Behanzin-255x93.jpg 255w, https:\/\/tourismebenin.com\/wp-content\/uploads\/2024\/07\/Statue-homme-requin-du-roi-Behanzin-285x104.jpg 285w, https:\/\/tourismebenin.com\/wp-content\/uploads\/2024\/07\/Statue-homme-requin-du-roi-Behanzin-1536x560.jpg 1536w, https:\/\/tourismebenin.com\/wp-content\/uploads\/2024\/07\/Statue-homme-requin-du-roi-Behanzin-18x7.jpg 18w\" sizes=\"auto, (max-width: 1920px) 100vw, 1920px\">\n        <\/div><\/a><\/div>\n                    <div class=\"jkit-postblock-content\"><div class=\"jkit-post-category\"><span><a href=\"https:\/\/tourismebenin.com\/en\/category\/tourisme-benin-app\/\" class=\"category-tourisme-benin-app\">Tourism Benin App<\/a><\/span><\/div><h3 class=\"jkit-post-title\">\n\t\t\t\t\t\t\t<a href=\"https:\/\/tourismebenin.com\/en\/statue-homme-requin-du-roi-behanzin\/\">Shark-man statue of King Behanzin<\/a>\n\t\t\t\t\t\t<\/h3><div class=\"jkit-post-meta\"><div class=\"jkit-meta-date icon-position-before\"><svg aria-hidden=\"true\" class=\"e-font-icon-svg e-fas-clock\" viewbox=\"0 0 512 512\" xmlns=\"http:\/\/www.w3.org\/2000\/svg\"><path d=\"M256,8C119,8,8,119,8,256S119,504,256,504,504,393,504,256,393,8,256,8Zm92.49,313h0l-20,25a16,16,0,0,1-22.49,2.5h0l-67-49.72a40,40,0,0,1-15-31.23V112a16,16,0,0,1,16-16h32a16,16,0,0,1,16,16V256l58,42.5A16,16,0,0,1,348.49,321Z\"><\/path><\/svg>July 29, 2024<\/div><\/div><div class=\"jkit-post-excerpt\"><p>Male-shark statue of King B\u00e9hanzinThis statue, with a man's head and a shark's torso, represents King B\u00e9hanzin (1889-1894). It was carried in procession...<\/p><\/div><div class=\"jkit-post-meta-bottom\">\n\t\t\t\t\t\t\t<div class=\"jkit-meta-readmore icon-position-after\">\n                <a title=\"Shark-man statue of King Behanzin\" href=\"https:\/\/tourismebenin.com\/en\/statue-homme-requin-du-roi-behanzin\/\" class=\"jkit-readmore\">Read more<\/a>\n            <\/div>\n\t\t\t\t\t\t<\/div><\/div>\n                <\/article>\n        <\/div><\/div><\/div>\t\t<\/div>\n\t\t\t\t<\/div>\n\t\t\t\t\t<\/div>\n\t\t<\/div>\n\t\t\t\t\t<\/div>\n\t\t<\/section>\n\t\t\t\t<\/div>","protected":false},"excerpt":{"rendered":"<p>Blog edit post B\u00e9nin tourisme Statue homme-requin du roi B\u00e9hanzin July 29, 2024 Statue homme-requin du roi B\u00e9hanzinThis statue with a man's head and a shark's torso represents King B\u00e9hanzin (1889-1894). It was carried in procession... Read more edit post Benin tourism Challenge Vacances &amp; Tourisme July 19, 2024 Discover Benin at [...]<\/p>","protected":false},"author":1,"featured_media":0,"parent":0,"menu_order":0,"comment_status":"closed","ping_status":"closed","template":"elementor_header_footer","meta":{"rank_math_lock_modified_date":false,"footnotes":""},"class_list":["post-10185","page","type-page","status-publish","hentry"],"_links":{"self":[{"href":"https:\/\/tourismebenin.com\/en\/wp-json\/wp\/v2\/pages\/10185","targetHints":{"allow":["GET"]}}],"collection":[{"href":"https:\/\/tourismebenin.com\/en\/wp-json\/wp\/v2\/pages"}],"about":[{"href":"https:\/\/tourismebenin.com\/en\/wp-json\/wp\/v2\/types\/page"}],"author":[{"embeddable":true,"href":"https:\/\/tourismebenin.com\/en\/wp-json\/wp\/v2\/users\/1"}],"replies":[{"embeddable":true,"href":"https:\/\/tourismebenin.com\/en\/wp-json\/wp\/v2\/comments?post=10185"}],"version-history":[{"count":16,"href":"https:\/\/tourismebenin.com\/en\/wp-json\/wp\/v2\/pages\/10185\/revisions"}],"predecessor-version":[{"id":11083,"href":"https:\/\/tourismebenin.com\/en\/wp-json\/wp\/v2\/pages\/10185\/revisions\/11083"}],"wp:attachment":[{"href":"https:\/\/tourismebenin.com\/en\/wp-json\/wp\/v2\/media?parent=10185"}],"curies":[{"name":"wp","href":"https:\/\/api.w.org\/{rel}","templated":true}]}}