{"id":10363,"date":"2024-07-22T17:06:07","date_gmt":"2024-07-22T17:06:07","guid":{"rendered":"https:\/\/tourismebenin.com\/?page_id=10363"},"modified":"2024-08-27T17:06:00","modified_gmt":"2024-08-27T17:06:00","slug":"guide-du-voyageur","status":"publish","type":"page","link":"https:\/\/tourismebenin.com\/en\/guide-du-voyageur\/","title":{"rendered":"Le Guide du Voyageur"},"content":{"rendered":"<div data-elementor-type=\"wp-page\" data-elementor-id=\"10363\" class=\"elementor elementor-10363\" data-elementor-post-type=\"page\">\n\t\t\t\t\t\t<section class=\"elementor-section elementor-top-section elementor-element elementor-element-e202045 elementor-section-full_width elementor-section-height-min-height elementor-section-height-default elementor-section-items-middle\" data-id=\"e202045\" data-element_type=\"section\" data-settings=\"{&quot;background_background&quot;:&quot;classic&quot;}\">\n\t\t\t\t\t\t\t<div class=\"elementor-background-overlay\"><\/div>\n\t\t\t\t\t\t\t<div class=\"elementor-container elementor-column-gap-default\">\n\t\t\t\t\t<div class=\"elementor-column elementor-col-100 elementor-top-column elementor-element elementor-element-a07dfde\" data-id=\"a07dfde\" data-element_type=\"column\">\n\t\t\t<div class=\"elementor-widget-wrap elementor-element-populated\">\n\t\t\t\t\t\t<div class=\"elementor-element elementor-element-04d9948 elementor-widget elementor-widget-heading\" data-id=\"04d9948\" data-element_type=\"widget\" data-widget_type=\"heading.default\">\n\t\t\t\t<div class=\"elementor-widget-container\">\n\t\t\t<h2 class=\"elementor-heading-title elementor-size-default\">Le Guide du Voyageur\n<\/h2>\t\t<\/div>\n\t\t\t\t<\/div>\n\t\t\t\t\t<\/div>\n\t\t<\/div>\n\t\t\t\t\t<\/div>\n\t\t<\/section>\n\t\t\t\t<section class=\"elementor-section elementor-top-section elementor-element elementor-element-75de8a2 elementor-section-boxed elementor-section-height-default elementor-section-height-default\" data-id=\"75de8a2\" data-element_type=\"section\">\n\t\t\t\t\t\t<div class=\"elementor-container elementor-column-gap-default\">\n\t\t\t\t\t<div class=\"elementor-column elementor-col-100 elementor-top-column elementor-element elementor-element-85aa0bc\" data-id=\"85aa0bc\" data-element_type=\"column\">\n\t\t\t<div class=\"elementor-widget-wrap elementor-element-populated\">\n\t\t\t\t\t\t<div class=\"elementor-element elementor-element-30ffb63 elementor-hidden-desktop elementor-hidden-tablet elementor-hidden-mobile elementor-widget elementor-widget-text-editor\" data-id=\"30ffb63\" data-element_type=\"widget\" data-widget_type=\"text-editor.default\">\n\t\t\t\t<div class=\"elementor-widget-container\">\n\t\t\t\t\t\t\t<p>GUIDE DU VOYAGEUR: Un joyau cach\u00e9 de l&#8217;Afrique de l&#8217;Ouest\u00a0<\/p>\t\t\t\t\t\t<\/div>\n\t\t\t\t<\/div>\n\t\t\t\t<div class=\"elementor-element elementor-element-24c3a26 elementor-widget elementor-widget-heading\" data-id=\"24c3a26\" data-element_type=\"widget\" data-widget_type=\"heading.default\">\n\t\t\t\t<div class=\"elementor-widget-container\">\n\t\t\t<h2 class=\"elementor-heading-title elementor-size-default\">Welcome to Benin<\/h2>\t\t<\/div>\n\t\t\t\t<\/div>\n\t\t\t\t<div class=\"elementor-element elementor-element-ae47d9e elementor-widget elementor-widget-text-editor\" data-id=\"ae47d9e\" data-element_type=\"widget\" data-widget_type=\"text-editor.default\">\n\t\t\t\t<div class=\"elementor-widget-container\">\n\t\t\t\t\t\t\t<p>Un joyau cach\u00e9 de l&#8217;Afrique de l&#8217;Ouest ! Ce pays francophone offre une exp\u00e9rience unique pour les voyageurs en qu\u00eate de diversit\u00e9 culturelle, de beaut\u00e9s naturelles et d&#8217;histoires fascinantes. Voici un guide pour vous aider \u00e0 tirer le meilleur parti de votre voyage au B\u00e9nin :<\/p><h6>1. Discover the capital: Porto-Novo<\/h6><p>Commencez votre voyage par la capitale, Porto-Novo, pour vous immerger dans la culture Yoruba. Explorez le Grand March\u00e9 d&#8217;Adjara pour des souvenirs artisanaux uniques et visitez les quartiers coloniaux pittoresques de la ville.<\/p><h6>2. Plongez dans l&#8217;Histoire : Abomey et Ouidah (suite)<\/h6><p>Ne manquez pas Abomey, l&#8217;ancienne capitale du Royaume du Dahomey. Visitez le palais royal et plongez dans l&#8217;histoire royale du pays. \u00c0 Ouidah, la Rue des Esclaves et la Porte de Non-Retour t\u00e9moignent du pass\u00e9 sombre du commerce des esclaves.<\/p><h6>3. Explore Voodoo Culture<\/h6><p>Benin is the cradle of voodoo, a fascinating religion. Attend authentic voodoo ceremonies, visit temples and discover the rituals and fetishes that are an integral part of Beninese culture.<\/p><h6>4. Nature and Adventure<\/h6><p>The beaches of the Gulf of Benin are an ideal place to relax. For nature lovers, the Pendjari National Park offers memorable safaris. And discover the Somba country, with its mountainous landscape and picturesque villages.<\/p><h6>5. Meeting with the local population<\/h6><p>La population b\u00e9ninoise est chaleureuse et accueillante. N&#8217;h\u00e9sitez pas \u00e0 vous immerger dans les villages, \u00e0 d\u00e9guster la cuisine locale, et \u00e0 participer aux danses et aux festivit\u00e9s pour une exp\u00e9rience culturelle authentique.<\/p><h6>6. Beninese cuisine<\/h6><p>Ne manquez pas de go\u00fbter aux plats locaux tels que l&#8217;atti\u00e9k\u00e9, le piment rouge et les brochettes de viande. Les march\u00e9s regorgent de saveurs exotiques \u00e0 d\u00e9couvrir.<\/p><h6>7. Get ready for Climate<\/h6><p>Benin has a tropical climate, with dry and rainy seasons. Be sure to pack light clothing, sun protection and medication against tropical diseases.<\/p><h6>8. Safety Tips<\/h6><p>Although Benin is generally safe for travelers, take normal safety precautions. Keep your valuables safe and follow local advice. Benin is a unique destination, blending tradition and modernity, nature and culture. Prepare yourself for an unforgettable experience in this authentic and captivating African country.<\/p>\t\t\t\t\t\t<\/div>\n\t\t\t\t<\/div>\n\t\t\t\t\t<\/div>\n\t\t<\/div>\n\t\t\t\t\t<\/div>\n\t\t<\/section>\n\t\t\t\t<\/div>","protected":false},"excerpt":{"rendered":"<p>Le Guide du Voyageur GUIDE DU VOYAGEUR: Un joyau cach\u00e9 de l&#8217;Afrique de l&#8217;Ouest\u00a0 Bienvenue au B\u00e9nin Un joyau cach\u00e9 de l&#8217;Afrique de l&#8217;Ouest ! Ce pays francophone offre une exp\u00e9rience unique pour les voyageurs en qu\u00eate de diversit\u00e9 culturelle, de beaut\u00e9s naturelles et d&#8217;histoires fascinantes. Voici un guide pour vous aider \u00e0 tirer le [&hellip;]<\/p>","protected":false},"author":1,"featured_media":0,"parent":0,"menu_order":0,"comment_status":"closed","ping_status":"closed","template":"elementor_header_footer","meta":{"rank_math_lock_modified_date":false,"footnotes":""},"class_list":["post-10363","page","type-page","status-publish","hentry"],"_links":{"self":[{"href":"https:\/\/tourismebenin.com\/en\/wp-json\/wp\/v2\/pages\/10363","targetHints":{"allow":["GET"]}}],"collection":[{"href":"https:\/\/tourismebenin.com\/en\/wp-json\/wp\/v2\/pages"}],"about":[{"href":"https:\/\/tourismebenin.com\/en\/wp-json\/wp\/v2\/types\/page"}],"author":[{"embeddable":true,"href":"https:\/\/tourismebenin.com\/en\/wp-json\/wp\/v2\/users\/1"}],"replies":[{"embeddable":true,"href":"https:\/\/tourismebenin.com\/en\/wp-json\/wp\/v2\/comments?post=10363"}],"version-history":[{"count":19,"href":"https:\/\/tourismebenin.com\/en\/wp-json\/wp\/v2\/pages\/10363\/revisions"}],"predecessor-version":[{"id":11233,"href":"https:\/\/tourismebenin.com\/en\/wp-json\/wp\/v2\/pages\/10363\/revisions\/11233"}],"wp:attachment":[{"href":"https:\/\/tourismebenin.com\/en\/wp-json\/wp\/v2\/media?parent=10363"}],"curies":[{"name":"wp","href":"https:\/\/api.w.org\/{rel}","templated":true}]}}