{"id":10544,"date":"2024-07-26T07:30:49","date_gmt":"2024-07-26T07:30:49","guid":{"rendered":"https:\/\/tourismebenin.com\/?page_id=10544"},"modified":"2024-07-30T07:56:22","modified_gmt":"2024-07-30T07:56:22","slug":"privacy","status":"publish","type":"page","link":"https:\/\/tourismebenin.com\/en\/privacy\/","title":{"rendered":"Privacy policy"},"content":{"rendered":"<div data-elementor-type=\"wp-page\" data-elementor-id=\"10544\" class=\"elementor elementor-10544\" data-elementor-post-type=\"page\">\n\t\t\t\t\t\t<section class=\"elementor-section elementor-top-section elementor-element elementor-element-3fdbe42 elementor-section-full_width elementor-section-height-min-height elementor-section-height-default elementor-section-items-middle\" data-id=\"3fdbe42\" data-element_type=\"section\" data-settings=\"{&quot;background_background&quot;:&quot;classic&quot;}\">\n\t\t\t\t\t\t\t<div class=\"elementor-background-overlay\"><\/div>\n\t\t\t\t\t\t\t<div class=\"elementor-container elementor-column-gap-default\">\n\t\t\t\t\t<div class=\"elementor-column elementor-col-100 elementor-top-column elementor-element elementor-element-08c2b90\" data-id=\"08c2b90\" data-element_type=\"column\">\n\t\t\t<div class=\"elementor-widget-wrap elementor-element-populated\">\n\t\t\t\t\t\t<div class=\"elementor-element elementor-element-859f8b6 elementor-widget elementor-widget-heading\" data-id=\"859f8b6\" data-element_type=\"widget\" data-widget_type=\"heading.default\">\n\t\t\t\t<div class=\"elementor-widget-container\">\n\t\t\t<h2 class=\"elementor-heading-title elementor-size-default\">Privacy policy<\/h2>\t\t<\/div>\n\t\t\t\t<\/div>\n\t\t\t\t\t<\/div>\n\t\t<\/div>\n\t\t\t\t\t<\/div>\n\t\t<\/section>\n\t\t\t\t<section class=\"elementor-section elementor-top-section elementor-element elementor-element-e61c45b elementor-section-boxed elementor-section-height-default elementor-section-height-default\" data-id=\"e61c45b\" data-element_type=\"section\">\n\t\t\t\t\t\t<div class=\"elementor-container elementor-column-gap-default\">\n\t\t\t\t\t<div class=\"elementor-column elementor-col-100 elementor-top-column elementor-element elementor-element-b1ba91b\" data-id=\"b1ba91b\" data-element_type=\"column\">\n\t\t\t<div class=\"elementor-widget-wrap elementor-element-populated\">\n\t\t\t\t\t\t<div class=\"elementor-element elementor-element-ee80380 elementor-widget elementor-widget-text-editor\" data-id=\"ee80380\" data-element_type=\"widget\" data-widget_type=\"text-editor.default\">\n\t\t\t\t<div class=\"elementor-widget-container\">\n\t\t\t\t\t\t\t<h3>INTRODUCTION<\/h3><p>When you use our application, you trust us to handle your data. These privacy policies are designed to tell you what information we collect, for what purpose and how we use it. These rules are important and we hope you will take the time to read them carefully.<\/p><p>\u00a0<\/p><h3>PERSONAL DATA COLLECTION<\/h3><p>We collect the following information: E-mail address Geographical location This personal data is collected solely to ensure the proper operation of the website\/mobile application and is not passed on to third parties.<\/p><p>\u00a0<\/p><h3>LOG FILES<\/h3><p>Lorsque vous utilisez notre site Web\/application mobile, nous collectons et stockons des informations dans les fichiers journaux de nos serveurs. Ceci comprend : Comment vous avez utilis\u00e9 le service concern\u00e9, comme vos requ\u00eates de recherche. Votre adresse IP. Donn\u00e9es relatives aux \u00e9v\u00e9nements li\u00e9s \u00e0 l&#8217;appareil que vous utilisez, tels que les plantages, l&#8217;activit\u00e9 du syst\u00e8me, les param\u00e8tres mat\u00e9riels, le type et la langue du navigateur, la date et l&#8217;heure de la demande et l&#8217;URL de r\u00e9f\u00e9rence.<\/p><p>\u00a0<br \/>\u00a0<\/p><h4>FORMS AND INTERACTIVITY<\/h4><p>Vos informations personnelles sont collect\u00e9es par le biais d&#8217;un formulaire d&#8217;inscription l&#8217;application mobile. Nous utilisons les informations ainsi collect\u00e9es aux fins suivantes :<br \/>- Authentication<br \/>- Contact<br \/>- Website\/mobile application management (presentation, organization)<\/p><p>Aucune publicit\u00e9 ou incitation commerciale n&#8217;est pr\u00e9sente sur notre b\u00e9nin tourisme.<\/p><p>\u00a0<\/p><h3>DROIT D&#8217;OPPOSITION ET DE RETRACTATION<\/h3><p>Nous nous engageons \u00e0 vous offrir un droit d&#8217;opposition et de retrait concernant vos informations personnelles. Le droit d&#8217;opposition s&#8217;entend comme la possibilit\u00e9 offerte aux internautes de refuser que leurs informations personnelles soient utilis\u00e9es \u00e0 certaines fins mentionn\u00e9es lors de la collecte. Le droit de r\u00e9tractation s&#8217;entend comme la possibilit\u00e9 offerte aux internautes de demander que leurs informations personnelles ne figurent plus, par exemple, dans une liste de diffusion. Pour exercer ces droits, vous pouvez nous contacter par email \u00e0 : contact@ky-solutions.fr .<\/p><p>L&#8217;AUTORISATION D&#8217;ACC\u00c8S<\/p><p>Nous nous engageons \u00e0 reconna\u00eetre un droit d&#8217;acc\u00e8s et de rectification aux personnes concern\u00e9es souhaitant consulter, modifier voire supprimer les informations les concernant. L&#8217;exercice de ce droit se fera par mail \u00e0 l&#8217;adresse : contact@ky-solutions.fr .<\/p><p>DISCLOSURE OF PERSONAL INFORMATION<\/p><p>B\u00e9nin tourisme does not transfer data to third parties.<\/p><p>\u00a0<\/p><h3>SAFETY<\/h3><p>The personal information we collect is kept in a secure environment. Our employees are required to respect the confidentiality of your information. To ensure the security of your personal information, we use the following measures:<br \/>- SSL (Secure Sockets Layer) protocol<br \/>- Access management<br \/>- Network monitoring software<br \/>- Computer backup<br \/>- Digital certificate development<br \/>- Key identification<br \/>- Firewall<\/p><p>\u00a0<\/p><h3>LEGISLATION<\/h3><p>We undertake to comply with the provisions of the French Data Protection Act 78-17.<\/p><p>\u00a0<\/p><h3>UPDATES<\/h3><p>Cette politique de confidentialit\u00e9 peut changer sans pr\u00e9avis. L&#8217;installation et l&#8217;utilisation de l&#8217;application ou du site internet vaut acceptation sans restriction de ces r\u00e8gles. Si vous ne les acceptez pas, veuillez ne pas installer, mettre \u00e0 jour, ex\u00e9cuter l&#8217;application ou visiter le site Web de b\u00e9nin tourisme. Nous publierons toute modification de la politique de confidentialit\u00e9 sur cette page.<\/p>\t\t\t\t\t\t<\/div>\n\t\t\t\t<\/div>\n\t\t\t\t\t<\/div>\n\t\t<\/div>\n\t\t\t\t\t<\/div>\n\t\t<\/section>\n\t\t\t\t<\/div>","protected":false},"excerpt":{"rendered":"<p>Privacy policy INTRODUCTION When you use our application, you trust us to handle your data. These privacy policies are designed to tell you what information we collect, for what purpose and how we use it. These rules are important and we hope you will take the time to read them carefully. [...]<\/p>","protected":false},"author":1,"featured_media":0,"parent":0,"menu_order":0,"comment_status":"closed","ping_status":"closed","template":"elementor_header_footer","meta":{"rank_math_lock_modified_date":false,"footnotes":""},"class_list":["post-10544","page","type-page","status-publish","hentry"],"_links":{"self":[{"href":"https:\/\/tourismebenin.com\/en\/wp-json\/wp\/v2\/pages\/10544","targetHints":{"allow":["GET"]}}],"collection":[{"href":"https:\/\/tourismebenin.com\/en\/wp-json\/wp\/v2\/pages"}],"about":[{"href":"https:\/\/tourismebenin.com\/en\/wp-json\/wp\/v2\/types\/page"}],"author":[{"embeddable":true,"href":"https:\/\/tourismebenin.com\/en\/wp-json\/wp\/v2\/users\/1"}],"replies":[{"embeddable":true,"href":"https:\/\/tourismebenin.com\/en\/wp-json\/wp\/v2\/comments?post=10544"}],"version-history":[{"count":19,"href":"https:\/\/tourismebenin.com\/en\/wp-json\/wp\/v2\/pages\/10544\/revisions"}],"predecessor-version":[{"id":10816,"href":"https:\/\/tourismebenin.com\/en\/wp-json\/wp\/v2\/pages\/10544\/revisions\/10816"}],"wp:attachment":[{"href":"https:\/\/tourismebenin.com\/en\/wp-json\/wp\/v2\/media?parent=10544"}],"curies":[{"name":"wp","href":"https:\/\/api.w.org\/{rel}","templated":true}]}}