{"id":11188,"date":"2024-08-19T17:00:44","date_gmt":"2024-08-19T17:00:44","guid":{"rendered":"https:\/\/tourismebenin.com\/?page_id=11188"},"modified":"2024-08-19T17:07:12","modified_gmt":"2024-08-19T17:07:12","slug":"mentions-legales","status":"publish","type":"page","link":"https:\/\/tourismebenin.com\/en\/mentions-legales\/","title":{"rendered":"LEGAL INFORMATION"},"content":{"rendered":"<div data-elementor-type=\"wp-page\" data-elementor-id=\"11188\" class=\"elementor elementor-11188\" data-elementor-post-type=\"page\">\n\t\t\t\t\t\t<section class=\"elementor-section elementor-top-section elementor-element elementor-element-3fdbe42 elementor-section-full_width elementor-section-height-min-height elementor-section-height-default elementor-section-items-middle\" data-id=\"3fdbe42\" data-element_type=\"section\" data-settings=\"{&quot;background_background&quot;:&quot;classic&quot;}\">\n\t\t\t\t\t\t\t<div class=\"elementor-background-overlay\"><\/div>\n\t\t\t\t\t\t\t<div class=\"elementor-container elementor-column-gap-default\">\n\t\t\t\t\t<div class=\"elementor-column elementor-col-100 elementor-top-column elementor-element elementor-element-08c2b90\" data-id=\"08c2b90\" data-element_type=\"column\">\n\t\t\t<div class=\"elementor-widget-wrap elementor-element-populated\">\n\t\t\t\t\t\t<div class=\"elementor-element elementor-element-859f8b6 elementor-widget elementor-widget-heading\" data-id=\"859f8b6\" data-element_type=\"widget\" data-widget_type=\"heading.default\">\n\t\t\t\t<div class=\"elementor-widget-container\">\n\t\t\t<h2 class=\"elementor-heading-title elementor-size-default\">LEGAL INFORMATION<\/h2>\t\t<\/div>\n\t\t\t\t<\/div>\n\t\t\t\t\t<\/div>\n\t\t<\/div>\n\t\t\t\t\t<\/div>\n\t\t<\/section>\n\t\t\t\t<section class=\"elementor-section elementor-top-section elementor-element elementor-element-e61c45b elementor-section-boxed elementor-section-height-default elementor-section-height-default\" data-id=\"e61c45b\" data-element_type=\"section\">\n\t\t\t\t\t\t<div class=\"elementor-container elementor-column-gap-default\">\n\t\t\t\t\t<div class=\"elementor-column elementor-col-100 elementor-top-column elementor-element elementor-element-b1ba91b\" data-id=\"b1ba91b\" data-element_type=\"column\">\n\t\t\t<div class=\"elementor-widget-wrap elementor-element-populated\">\n\t\t\t\t\t\t<div class=\"elementor-element elementor-element-ee80380 elementor-widget elementor-widget-text-editor\" data-id=\"ee80380\" data-element_type=\"widget\" data-widget_type=\"text-editor.default\">\n\t\t\t\t<div class=\"elementor-widget-container\">\n\t\t\t\t\t\t\t<p><span style=\"font-weight: 400;\">Conform\u00e9ment aux dispositions de la loi n\u00b0 2004-575 du 21 juin 2004 pour la confiance en l&#8217;\u00e9conomie num\u00e9rique, il est pr\u00e9cis\u00e9 aux utilisateurs du site B\u00e9nin Tourisme App l&#8217;identit\u00e9 des diff\u00e9rents intervenants dans le cadre de sa r\u00e9alisation et de son suivi.<\/span><br>\n<br><br><\/p>\n<h3><b>Site editing&nbsp;<\/b><\/h3>\n<h3><\/h3>\n<p><span style=\"font-weight: 400;\">This site, accessible at the URL tourismebenin.com (the \"Site\"), is published by :<\/span><\/p>\n<p><i><span style=\"font-weight: 400;\"><br>\n<\/span><\/i><span style=\"font-weight: 400;\">KY-SOLUTIONS , a company with capital of 10000000 F CFA, registered with the R.C.S. of PARIS under the number ededededede\u00e961515, having its registered office at 99V5+5F4, Cotonou, Benin.<\/span><\/p>\n<h3><\/h3>\n<p><span style=\"font-weight: 400;\">The publisher's individual VAT number is: 18%.<\/span><\/p>\n<h3><\/h3>\n<p><b>Hosting<\/b><\/p>\n<p><span style=\"font-weight: 400;\"><br>\n<\/span><span style=\"font-weight: 400;\">The Site is hosted by Ky-Solutions, located 99V5+5F4, Cotonou, Benin, (telephone contact or email: +22943430445).<\/span><\/p>\n<h3><\/h3>\n<p><b>Publishing Director&nbsp;<\/b><\/p>\n<p><span style=\"font-weight: 400;\"><br>\n<\/span><span style=\"font-weight: 400;\">The Site's Publishing Director is Samson KADJA .<\/span><\/p>\n<h3><\/h3>\n<p><b>Contact us&nbsp;<\/b><\/p>\n<p><span style=\"font-weight: 400;\"><br>\n<\/span><span style=\"font-weight: 400;\">By phone: +22943430445<\/span><\/p>\n<p><span style=\"font-weight: 400;\">By email: contact@<\/span>tourismebenin.com<\/p>\n<p><span style=\"font-weight: 400;\">By post: 99V5+5F4, Cotonou, Benin<\/span><\/p>\n<h3><\/h3>\n<p><b>Personal data<\/b><\/p>\n<h3><\/h3>\n<p><span style=\"font-weight: 400;\">Le traitement de vos donn\u00e9es \u00e0 caract\u00e8re personnel est r\u00e9gi par notre Charte du respect de la vie priv\u00e9e, disponible depuis la section &#8220;Charte de Protection des Donn\u00e9es Personnelles&#8221;, conform\u00e9ment au R\u00e8glement G\u00e9n\u00e9ral sur la Protection des Donn\u00e9es 2016\/679 du 27 avril 2016 (\u00abRGPD\u00bb)<\/span><\/p>\t\t\t\t\t\t<\/div>\n\t\t\t\t<\/div>\n\t\t\t\t\t<\/div>\n\t\t<\/div>\n\t\t\t\t\t<\/div>\n\t\t<\/section>\n\t\t\t\t<\/div>","protected":false},"excerpt":{"rendered":"<p>MENTIONS L\u00c9GALES Conform\u00e9ment aux dispositions de la loi n\u00b0 2004-575 du 21 juin 2004 pour la confiance en l&#8217;\u00e9conomie num\u00e9rique, il est pr\u00e9cis\u00e9 aux utilisateurs du site B\u00e9nin Tourisme App l&#8217;identit\u00e9 des diff\u00e9rents intervenants dans le cadre de sa r\u00e9alisation et de son suivi. Edition du site&nbsp; Le pr\u00e9sent site, accessible \u00e0 l\u2019URL tourismebenin.com (le [&hellip;]<\/p>","protected":false},"author":1,"featured_media":0,"parent":0,"menu_order":0,"comment_status":"closed","ping_status":"closed","template":"elementor_header_footer","meta":{"rank_math_lock_modified_date":false,"footnotes":""},"class_list":["post-11188","page","type-page","status-publish","hentry"],"_links":{"self":[{"href":"https:\/\/tourismebenin.com\/en\/wp-json\/wp\/v2\/pages\/11188","targetHints":{"allow":["GET"]}}],"collection":[{"href":"https:\/\/tourismebenin.com\/en\/wp-json\/wp\/v2\/pages"}],"about":[{"href":"https:\/\/tourismebenin.com\/en\/wp-json\/wp\/v2\/types\/page"}],"author":[{"embeddable":true,"href":"https:\/\/tourismebenin.com\/en\/wp-json\/wp\/v2\/users\/1"}],"replies":[{"embeddable":true,"href":"https:\/\/tourismebenin.com\/en\/wp-json\/wp\/v2\/comments?post=11188"}],"version-history":[{"count":7,"href":"https:\/\/tourismebenin.com\/en\/wp-json\/wp\/v2\/pages\/11188\/revisions"}],"predecessor-version":[{"id":11196,"href":"https:\/\/tourismebenin.com\/en\/wp-json\/wp\/v2\/pages\/11188\/revisions\/11196"}],"wp:attachment":[{"href":"https:\/\/tourismebenin.com\/en\/wp-json\/wp\/v2\/media?parent=11188"}],"curies":[{"name":"wp","href":"https:\/\/api.w.org\/{rel}","templated":true}]}}